{"id":110,"date":"2020-05-21T23:29:46","date_gmt":"2020-05-21T21:29:46","guid":{"rendered":"http:\/\/paulinafonferek.pl\/?page_id=110"},"modified":"2026-03-06T10:03:45","modified_gmt":"2026-03-06T09:03:45","slug":"cv","status":"publish","type":"page","link":"https:\/\/paulinafonferek.pl\/?page_id=110","title":{"rendered":"bio"},"content":{"rendered":"\n<p><strong>jako aktorka pracowa\u0142am w:<\/strong><br><a href=\"https:\/\/nowyteatr.pl\/spektakle\/ciemna-woda-2\/\" target=\"_blank\" rel=\"noreferrer noopener\">Nowym Teatr im. Witkacego w S\u0142upsku<\/a><br><a href=\"https:\/\/encyklopediateatru.pl\/przedstawienie\/45753\/hermes-przeszedl-czyli-mity-greckie\" target=\"_blank\" rel=\"noreferrer noopener\">Teatrze im. A. Sewruka w Elbl\u0105gu <\/a><br><a href=\"https:\/\/filmpolski.pl\/fp\/index.php?osoba=11181112\" target=\"_blank\" rel=\"noreferrer noopener\">serialach<\/a><\/p>\n\n\n\n<p><strong>go\u015bcinnie gra\u0142am i performowa\u0142am w:<\/strong><br><a href=\"https:\/\/pawilontanca.pl\/choreografia-w-centrum\" target=\"_blank\" rel=\"noreferrer noopener\">Pawilonie Ta\u0144ca i Innych Sztuk Performatywnych w Warszawie<\/a><br><a href=\"https:\/\/www.facebook.com\/events\/1254667909349571\/?acontext=%7B%22event_action_history%22%3A[%7B%22mechanism%22%3A%22attachment%22%2C%22surface%22%3A%22newsfeed%22%7D]%2C%22ref_notif_type%22%3Anull%7D\" target=\"_blank\" rel=\"noreferrer noopener\">Centrum w Ruchu w Warszawie<\/a><br>ASP w Warszawie<br><a href=\"https:\/\/teatrdlawszystkich.eu\/kiedy-zobacze-swoja-twarz-w-lustrze\/\" target=\"_blank\" rel=\"noreferrer noopener\">Teatrze WARSawy w Warszawie<\/a> <br><a href=\"https:\/\/tcn.at.edu.pl\/spektakl\/przebudzenie\/\" target=\"_blank\" rel=\"noreferrer noopener\">Teatrze Collegium Nobilium w Warszawie<\/a><br><a href=\"https:\/\/e-teatr.pl\/warszawa-o-stein-i-toklas-w-drugiej-strefie-a241662\" target=\"_blank\" rel=\"noreferrer noopener\">Teatrze Druga Strefa w Warszawie<\/a><br><a href=\"https:\/\/encyklopediateatru.pl\/artykuly\/162777\/gdansk-dzis-czytanie-walczaka-w-oknie?drukuj=true\" target=\"_blank\" rel=\"noreferrer noopener\">Teatrze w Oknie w Gda\u0144sku<\/a><br><a href=\"https:\/\/encyklopediateatru.pl\/przedstawienie\/41235\/wb#\" target=\"_blank\" rel=\"noreferrer noopener\">Teatrze im. S. Jaracza w Olsztynie<\/a><br>> <a href=\"http:\/\/www.encyklopediateatru.pl\/osoby\/58632\/paulina-fonferek\" target=\"_blank\" rel=\"noreferrer noopener\">wi\u0119cej&#8230;<\/a> <br><br><strong>jako dramatopisarka i dramatur\u017cka:<\/strong><br>uczestniczy\u0142am w #3 Katowickiej Rundzie Teatralnej<br>Kursie Teatru Dokumentalnego w Instytucie im. Grotowskiego we Wroc\u0142awiu<br>jestem uczestniczk\u0105 Sceny Nowej Dramaturgii w Rzeszowie<br>stworzy\u0142am dramaturgi\u0119 i scenariusz spektaklu &#8222;Mistrzowie z Anina&#8221; w re\u017c. Marty Kuku\u0142y<\/p>\n\n\n\n<p><strong>dramaty mojego autorstwa znalaz\u0142y si\u0119 w:<\/strong><br>II etapie Konkursu o Nagrod\u0119 Dramaturgiczn\u0105 im. T. R\u00f3\u017cewicza<br>p\u00f3\u0142finale 18. Konkursu o Gdy\u0144sk\u0105 Nagrod\u0119 Dramaturgiczn\u0105<br>p\u00f3\u0142finale 17. Konkursu o Gdy\u0144sk\u0105 Nagrod\u0119 Dramaturgiczn\u0105<\/p>\n\n\n\n<p><strong>jako lektorka:<\/strong><br><a href=\"https:\/\/audioteka.com\/pl\/szukaj\/?phrase=Paulina+Fonferek\" target=\"_blank\" rel=\"noreferrer noopener\">nagra\u0142am ponad 30 audiobook\u00f3w<\/a><br>wsp\u00f3\u0142pracowa\u0142am z Muzeum Historyczno-Archeologicznym w Elbl\u0105gu<br>nagra\u0142am kilkadziesi\u0105t reklam radiowych<br><br><strong>uko\u0144czy\u0142am:<\/strong><br>Pa\u0144stwowe Studium Aktorskie im. A. Sewruka przy Teatrze im. S. Jaracza w Olsztynie<br>Dziennikarstwo i komunikacj\u0119 spo\u0142eczn\u0105 na Uniwersytecie Gda\u0144skim<br>Pedagogik\u0119 na Uniwersytecie Warmi\u0144sko-Mazurskim w Olsztynie<br>Zarz\u0105dzanie Kultur\u0105 na Akademii Humanistyczno-Ekonomicznej w \u0141odzi<br>Kurs Choreografii Eksperymentalnej: Choreografia w Centrum <br>Kurs Choreografii Eksperymentalnej: Choreografia w Centrum &#8211; Proces<br>Intensive Course w School for New Dance Development w Amsterdamie <br><\/p>\n\n\n\n<p class=\"has-text-align-center\"><\/p>\n\n\n\n<p class=\"has-text-align-center\"><br><\/p>\n\n\n\n<p><br><\/p>\n\n\n\n<p><\/p>\n","protected":false},"excerpt":{"rendered":"<p>jako aktorka pracowa\u0142am w:Nowym Teatr im. Witkacego w S\u0142upskuTeatrze im. A. Sewruka w Elbl\u0105gu serialach go\u015bcinnie gra\u0142am i performowa\u0142am w:Pawilonie Ta\u0144ca i Innych Sztuk Performatywnych w WarszawieCentrum w Ruchu w WarszawieASP w WarszawieTeatrze WARSawy w Warszawie Teatrze Collegium Nobilium w WarszawieTeatrze Druga Strefa w WarszawieTeatrze w Oknie w Gda\u0144skuTeatrze im. &hellip;<\/p>\n","protected":false},"author":1,"featured_media":0,"parent":0,"menu_order":0,"comment_status":"closed","ping_status":"closed","template":"","meta":{"_vp_format_video_url":"","_vp_image_focal_point":[],"_vp_custom_popup_image":0,"_vp_format_audio_url":"","_vp_custom_thumbnail":0,"_vp_custom_thumbnail_focal_point":[],"_vp_hover_thumbnail":0,"_vp_hover_thumbnail_focal_point":[],"footnotes":""},"class_list":["post-110","page","type-page","status-publish","hentry"],"_links":{"self":[{"href":"https:\/\/paulinafonferek.pl\/index.php?rest_route=\/wp\/v2\/pages\/110","targetHints":{"allow":["GET"]}}],"collection":[{"href":"https:\/\/paulinafonferek.pl\/index.php?rest_route=\/wp\/v2\/pages"}],"about":[{"href":"https:\/\/paulinafonferek.pl\/index.php?rest_route=\/wp\/v2\/types\/page"}],"author":[{"embeddable":true,"href":"https:\/\/paulinafonferek.pl\/index.php?rest_route=\/wp\/v2\/users\/1"}],"replies":[{"embeddable":true,"href":"https:\/\/paulinafonferek.pl\/index.php?rest_route=%2Fwp%2Fv2%2Fcomments&post=110"}],"version-history":[{"count":121,"href":"https:\/\/paulinafonferek.pl\/index.php?rest_route=\/wp\/v2\/pages\/110\/revisions"}],"predecessor-version":[{"id":1160,"href":"https:\/\/paulinafonferek.pl\/index.php?rest_route=\/wp\/v2\/pages\/110\/revisions\/1160"}],"wp:attachment":[{"href":"https:\/\/paulinafonferek.pl\/index.php?rest_route=%2Fwp%2Fv2%2Fmedia&parent=110"}],"curies":[{"name":"wp","href":"https:\/\/api.w.org\/{rel}","templated":true}]}}