{"id":1063,"date":"2026-02-06T13:07:36","date_gmt":"2026-02-06T12:07:36","guid":{"rendered":"https:\/\/paulinafonferek.pl\/?page_id=1063"},"modified":"2026-02-26T18:41:51","modified_gmt":"2026-02-26T17:41:51","slug":"oferta","status":"publish","type":"page","link":"https:\/\/paulinafonferek.pl\/?page_id=1063","title":{"rendered":"wsp\u00f3\u0142praca"},"content":{"rendered":"\n<p><strong>skontaktuj si\u0119 w sprawie wsp\u00f3\u0142pracy<\/strong><br>bezpo\u015brednio: <br>paulinafonferek86@gmail.com<br><br>przez agencj\u0119 aktorsk\u0105: <br>Katarzyna W\u0105sik \/ kasia@prozano.pl \/ 604 919 700 <br>Izabela Po\u0142e\u0107 \/ iza@casting-studio.com \/ 608 300 238 <\/p>\n\n\n\n<ul class=\"wp-block-list\">\n<li>prowadzenie zaj\u0119\u0107 aktorskich i ruchowych dla dzieci, m\u0142odzie\u017cy i doros\u0142ych<\/li>\n\n\n\n<li>pisanie dramat\u00f3w<\/li>\n\n\n\n<li>dramaturgia spektakli teatralnych i ruchowych<\/li>\n\n\n\n<li>teksty na zam\u00f3wienie <\/li>\n\n\n\n<li>ghostwriting <\/li>\n\n\n\n<li>ilustracje do tekst\u00f3w<\/li>\n\n\n\n<li>zlecenia lektorskie <\/li>\n\n\n\n<li>zlecenia aktorskie <br><br><\/li>\n<\/ul>\n\n\n\n<p><\/p>\n","protected":false},"excerpt":{"rendered":"<p>skontaktuj si\u0119 w sprawie wsp\u00f3\u0142pracybezpo\u015brednio: paulinafonferek86@gmail.com przez agencj\u0119 aktorsk\u0105: Katarzyna W\u0105sik \/ kasia@prozano.pl \/ 604 919 700 Izabela Po\u0142e\u0107 \/ iza@casting-studio.com \/ 608 300 238<\/p>\n","protected":false},"author":1,"featured_media":0,"parent":0,"menu_order":0,"comment_status":"closed","ping_status":"closed","template":"","meta":{"_vp_format_video_url":"","_vp_image_focal_point":[],"_vp_custom_popup_image":0,"_vp_format_audio_url":"","_vp_custom_thumbnail":0,"_vp_custom_thumbnail_focal_point":[],"_vp_hover_thumbnail":0,"_vp_hover_thumbnail_focal_point":[],"footnotes":""},"class_list":["post-1063","page","type-page","status-publish","hentry"],"_links":{"self":[{"href":"https:\/\/paulinafonferek.pl\/index.php?rest_route=\/wp\/v2\/pages\/1063","targetHints":{"allow":["GET"]}}],"collection":[{"href":"https:\/\/paulinafonferek.pl\/index.php?rest_route=\/wp\/v2\/pages"}],"about":[{"href":"https:\/\/paulinafonferek.pl\/index.php?rest_route=\/wp\/v2\/types\/page"}],"author":[{"embeddable":true,"href":"https:\/\/paulinafonferek.pl\/index.php?rest_route=\/wp\/v2\/users\/1"}],"replies":[{"embeddable":true,"href":"https:\/\/paulinafonferek.pl\/index.php?rest_route=%2Fwp%2Fv2%2Fcomments&post=1063"}],"version-history":[{"count":8,"href":"https:\/\/paulinafonferek.pl\/index.php?rest_route=\/wp\/v2\/pages\/1063\/revisions"}],"predecessor-version":[{"id":1146,"href":"https:\/\/paulinafonferek.pl\/index.php?rest_route=\/wp\/v2\/pages\/1063\/revisions\/1146"}],"wp:attachment":[{"href":"https:\/\/paulinafonferek.pl\/index.php?rest_route=%2Fwp%2Fv2%2Fmedia&parent=1063"}],"curies":[{"name":"wp","href":"https:\/\/api.w.org\/{rel}","templated":true}]}}